{"id":3,"date":"2023-06-03T18:32:46","date_gmt":"2023-06-03T18:32:46","guid":{"rendered":"http:\/\/mycleanshoes.md\/?page_id=3"},"modified":"2025-08-12T10:17:10","modified_gmt":"2025-08-12T07:17:10","slug":"termeni","status":"publish","type":"page","link":"https:\/\/mycleanshoes.md\/ru\/termeni\/","title":{"rendered":"\u041f\u0440\u0430\u0432\u0438\u043b\u0430 \u0438 \u0443\u0441\u043b\u043e\u0432\u0438\u044f"},"content":{"rendered":"<div data-elementor-type=\"wp-page\" data-elementor-id=\"3\" class=\"elementor elementor-3\" data-elementor-post-type=\"page\">\n\t\t\t\t\t\t<section class=\"elementor-section elementor-top-section elementor-element elementor-element-20792730 elementor-section-boxed elementor-section-height-default elementor-section-height-default\" data-id=\"20792730\" data-element_type=\"section\" data-e-type=\"section\">\n\t\t\t\t\t\t<div class=\"elementor-container elementor-column-gap-default\">\n\t\t\t\t\t<div class=\"elementor-column elementor-col-100 elementor-top-column elementor-element elementor-element-34fc8e2c\" data-id=\"34fc8e2c\" data-element_type=\"column\" data-e-type=\"column\">\n\t\t\t<div class=\"elementor-widget-wrap elementor-element-populated\">\n\t\t\t\t\t\t<div class=\"elementor-element elementor-element-e7654a3 elementor-widget elementor-widget-heading\" data-id=\"e7654a3\" data-element_type=\"widget\" data-e-type=\"widget\" data-widget_type=\"heading.default\">\n\t\t\t\t<div class=\"elementor-widget-container\">\n\t\t\t\t\t<h2 class=\"elementor-heading-title elementor-size-default\">\u041f\u0440\u0430\u0432\u0438\u043b\u0430 \u0438 \u0443\u0441\u043b\u043e\u0432\u0438\u044f<\/h2>\t\t\t\t<\/div>\n\t\t\t\t<\/div>\n\t\t\t\t<div class=\"elementor-element elementor-element-a94e728 elementor-widget elementor-widget-text-editor\" data-id=\"a94e728\" data-element_type=\"widget\" data-e-type=\"widget\" data-widget_type=\"text-editor.default\">\n\t\t\t\t<div class=\"elementor-widget-container\">\n\t\t\t\t\t\t\t\t\t<p>\u00cencredin\u0163area articolelor c\u0103tre cur\u0103\u0163\u0103toria <b>CLEAN SHOES<\/b> reprezint\u0103 acceptul tuturor condi\u0163iilor generale afi\u015fate at\u00e2t \u00een loca\u021bie c\u00e2t \u015fi pe acest\u0103 pagin\u0103 \u015fi anume:<\/p>\n<p>\u043a\u043e\u043c\u043f\u0430\u043d\u0438\u044e <b>CLEAN SHOES<\/b>  se angajeaz\u0103 s\u0103 realizeze articolelor \u00eencredin\u0163ate o cur\u0103\u0163are atent\u0103 a articolelor primite, \u00een conformitate cu metodele profesionale \u015fi a \u00eenscrisurilor de pe eticheta de \u00eentre\u0163inere. \u00cen cazul \u00een care acestea lipsesc, firma este absolvit\u0103 de orice r\u0103spundere, cur\u0103\u021barea obiectului f\u0103c\u00e2ndu-se pe r\u0103spunderea clientului.<\/p>\n<p><b>CLEAN SHOES<\/b>  nu \u00ee\u015fi asum\u0103 r\u0103spunderea pentru petele dificile ce nu pot fi \u00eendep\u0103rtate \u00een urma unor procese repetate de cur\u0103\u0163are sau de deteriorarea sau decolorarea materialului \u00een urma acestora.<\/p>\n<p><b>CLEAN SHOES<\/b>  nu \u00ee\u0219i asum\u0103 r\u0103spunderea pentru \u00eenc\u0103l\u021b\u0103mintea care este deja deteriorat\u0103 in momentul in care a fost adus\u0103 la cur\u0103\u021bat.<\/p>\n<p>\u00cen situatia \u00een care clientul solicit\u0103 cur\u0103\u021barea articolelor \u00eentr-un mod contrar opiniei speciali\u0219tilor firmei , cur\u0103\u021barea se va face pe riscul clientului.<\/p>\n<p><b>CLEAN SHOES<\/b>  i\u0219i rezerv\u0103 dreptul de a refuza primirea articolelor \u00een cazul \u00een care aspectul indic\u0103 prezen\u021ba unor factori de infec\u021bie sau au un aspect resping\u0103tor. In cazul acceptarii acestor produse, datorit\u0103 faptului ca necesit\u0103 aten\u021bie special\u0103, pre\u021bul va fi stabilit cu clientul.<\/p>\n<p>\u00cen cazul in care articolele predate \u00ee\u0219i modific\u0103 forma sau se deterioreaz\u0103 din cauza unor defecte ascunse (defec\u021biuni provenite din insuficienta rezisten\u021b\u0103 a coloran\u021bilor, dezlipire etc.) firma este absolvit\u0103 de r\u0103spundere.<\/p>\n<p>Pentru pierderea sau distrugerea nasturilor, fermoarelor, a ornamentelor, desfacerea lipiturilor, confec\u021biilor, firma nu poate fi facut\u0103 r\u0103spunzatoare.<\/p>\n<p>Eventualele obiec\u021bii trebuie facute in momentul ridic\u0103rii articolelor, reclama\u021biile ulterioare nu vor fi luate \u00een considerare.<\/p>\n<p>\u00cen cazul in care produsul este cur\u0103\u021bat conform etichetei firmei produc\u0103toare \u0219i se deterioreaz\u0103 firma nu raspunde pentru daunele cauzate . Clientul se poate adresa unui expert tehnic neutru.<\/p>\n<p>Articolele din piele natural\u0103 \u0219i blan\u0103 natural\u0103 sau cele care con\u021bin componente din aceste materiale se vor cur\u0103\u021ba pe r\u0103spunderea clientului. Pot ap\u0103rea modific\u0103ri de dimensiune, modific\u0103ri de culoare accentuate, ruperi ale pielii etc.<\/p>\n<p>Obiectele neridicate \u00een termen de 30 de zile se consider\u0103 abandonate.<\/p>\n<p>Con\u021binutul prezentului document se poate schimba, fara a fi necesar\u0103 o informare prealabil\u0103.<\/p>\n<p>Garan\u021bie 3 zile dupa eliberarea produsului.<\/p>\t\t\t\t\t\t\t\t<\/div>\n\t\t\t\t<\/div>\n\t\t\t\t\t<\/div>\n\t\t<\/div>\n\t\t\t\t\t<\/div>\n\t\t<\/section>\n\t\t\t\t<\/div>","protected":false},"excerpt":{"rendered":"<p>Termeni \u0219i Condi\u021bii \u00cencredin\u0163area articolelor c\u0103tre cur\u0103\u0163\u0103toria CLEAN SHOES reprezint\u0103 acceptul tuturor condi\u0163iilor generale afi\u015fate at\u00e2t \u00een loca\u021bie c\u00e2t \u015fi pe acest\u0103 pagin\u0103 \u015fi anume: Cur\u0103\u021b\u0103toria CLEAN SHOES se angajeaz\u0103 s\u0103 realizeze articolelor \u00eencredin\u0163ate o cur\u0103\u0163are atent\u0103 a articolelor primite, \u00een conformitate cu metodele profesionale \u015fi a \u00eenscrisurilor de pe eticheta de \u00eentre\u0163inere. \u00cen cazul [&hellip;]<\/p>\n","protected":false},"author":1,"featured_media":0,"parent":0,"menu_order":0,"comment_status":"closed","ping_status":"closed","template":"elementor_header_footer","meta":{"inline_featured_image":false,"footnotes":""},"class_list":["post-3","page","type-page","status-publish","hentry"],"yoast_head":"<!-- This site is optimized with the Yoast SEO plugin v27.1.1 - https:\/\/yoast.com\/product\/yoast-seo-wordpress\/ -->\n<title>Termeni \u0219i Condi\u021bii - CleanShoes<\/title>\n<meta name=\"robots\" content=\"index, follow, max-snippet:-1, max-image-preview:large, max-video-preview:-1\" \/>\n<link rel=\"canonical\" href=\"https:\/\/mycleanshoes.md\/ru\/termeni\/\" \/>\n<meta property=\"og:locale\" content=\"ru_RU\" \/>\n<meta property=\"og:type\" content=\"article\" \/>\n<meta property=\"og:title\" content=\"Termeni \u0219i Condi\u021bii - CleanShoes\" \/>\n<meta property=\"og:description\" content=\"Termeni \u0219i Condi\u021bii \u00cencredin\u0163area articolelor c\u0103tre cur\u0103\u0163\u0103toria CLEAN SHOES reprezint\u0103 acceptul tuturor condi\u0163iilor generale afi\u015fate at\u00e2t \u00een loca\u021bie c\u00e2t \u015fi pe acest\u0103 pagin\u0103 \u015fi anume: Cur\u0103\u021b\u0103toria CLEAN SHOES se angajeaz\u0103 s\u0103 realizeze articolelor \u00eencredin\u0163ate o cur\u0103\u0163are atent\u0103 a articolelor primite, \u00een conformitate cu metodele profesionale \u015fi a \u00eenscrisurilor de pe eticheta de \u00eentre\u0163inere. \u00cen cazul [&hellip;]\" \/>\n<meta property=\"og:url\" content=\"https:\/\/mycleanshoes.md\/ru\/termeni\/\" \/>\n<meta property=\"og:site_name\" content=\"CleanShoes\" \/>\n<meta property=\"article:publisher\" content=\"https:\/\/www.facebook.com\/profile.php?id=100063528758619\" \/>\n<meta property=\"article:modified_time\" content=\"2025-08-12T07:17:10+00:00\" \/>\n<meta name=\"twitter:card\" content=\"summary_large_image\" \/>\n<meta name=\"twitter:label1\" content=\"\u041f\u0440\u0438\u043c\u0435\u0440\u043d\u043e\u0435 \u0432\u0440\u0435\u043c\u044f \u0434\u043b\u044f \u0447\u0442\u0435\u043d\u0438\u044f\" \/>\n\t<meta name=\"twitter:data1\" content=\"2 \u043c\u0438\u043d\u0443\u0442\u044b\" \/>\n<script type=\"application\/ld+json\" class=\"yoast-schema-graph\">{\"@context\":\"https:\/\/schema.org\",\"@graph\":[{\"@type\":\"WebPage\",\"@id\":\"https:\/\/mycleanshoes.md\/termeni\/\",\"url\":\"https:\/\/mycleanshoes.md\/termeni\/\",\"name\":\"Termeni \u0219i Condi\u021bii - CleanShoes\",\"isPartOf\":{\"@id\":\"https:\/\/mycleanshoes.md\/#website\"},\"datePublished\":\"2023-06-03T18:32:46+00:00\",\"dateModified\":\"2025-08-12T07:17:10+00:00\",\"breadcrumb\":{\"@id\":\"https:\/\/mycleanshoes.md\/termeni\/#breadcrumb\"},\"inLanguage\":\"ru-RU\",\"potentialAction\":[{\"@type\":\"ReadAction\",\"target\":[\"https:\/\/mycleanshoes.md\/termeni\/\"]}]},{\"@type\":\"BreadcrumbList\",\"@id\":\"https:\/\/mycleanshoes.md\/termeni\/#breadcrumb\",\"itemListElement\":[{\"@type\":\"ListItem\",\"position\":1,\"name\":\"Home\",\"item\":\"https:\/\/mycleanshoes.md\/\"},{\"@type\":\"ListItem\",\"position\":2,\"name\":\"Termeni \u0219i Condi\u021bii\"}]},{\"@type\":\"WebSite\",\"@id\":\"https:\/\/mycleanshoes.md\/#website\",\"url\":\"https:\/\/mycleanshoes.md\/\",\"name\":\"CleanShoes\",\"description\":\"Cur\u0103\u021b\u0103toria inteligent\u0103\",\"publisher\":{\"@id\":\"https:\/\/mycleanshoes.md\/#organization\"},\"alternateName\":\"Curatarea incaltamintei\",\"potentialAction\":[{\"@type\":\"SearchAction\",\"target\":{\"@type\":\"EntryPoint\",\"urlTemplate\":\"https:\/\/mycleanshoes.md\/?s={search_term_string}\"},\"query-input\":{\"@type\":\"PropertyValueSpecification\",\"valueRequired\":true,\"valueName\":\"search_term_string\"}}],\"inLanguage\":\"ru-RU\"},{\"@type\":\"Organization\",\"@id\":\"https:\/\/mycleanshoes.md\/#organization\",\"name\":\"CleanShoes\",\"url\":\"https:\/\/mycleanshoes.md\/\",\"logo\":{\"@type\":\"ImageObject\",\"inLanguage\":\"ru-RU\",\"@id\":\"https:\/\/mycleanshoes.md\/#\/schema\/logo\/image\/\",\"url\":\"https:\/\/mycleanshoes.md\/wp-content\/uploads\/2023\/06\/CleanShoes_logo_short_default.svg\",\"contentUrl\":\"https:\/\/mycleanshoes.md\/wp-content\/uploads\/2023\/06\/CleanShoes_logo_short_default.svg\",\"width\":385,\"height\":172,\"caption\":\"CleanShoes\"},\"image\":{\"@id\":\"https:\/\/mycleanshoes.md\/#\/schema\/logo\/image\/\"},\"sameAs\":[\"https:\/\/www.facebook.com\/profile.php?id=100063528758619\",\"https:\/\/www.instagram.com\/clean_shoes.md\/\"]}]}<\/script>\n<!-- \/ Yoast SEO plugin. -->","yoast_head_json":{"title":"Termeni \u0219i Condi\u021bii - CleanShoes","robots":{"index":"index","follow":"follow","max-snippet":"max-snippet:-1","max-image-preview":"max-image-preview:large","max-video-preview":"max-video-preview:-1"},"canonical":"https:\/\/mycleanshoes.md\/ru\/termeni\/","og_locale":"ru_RU","og_type":"article","og_title":"Termeni \u0219i Condi\u021bii - CleanShoes","og_description":"Termeni \u0219i Condi\u021bii \u00cencredin\u0163area articolelor c\u0103tre cur\u0103\u0163\u0103toria CLEAN SHOES reprezint\u0103 acceptul tuturor condi\u0163iilor generale afi\u015fate at\u00e2t \u00een loca\u021bie c\u00e2t \u015fi pe acest\u0103 pagin\u0103 \u015fi anume: Cur\u0103\u021b\u0103toria CLEAN SHOES se angajeaz\u0103 s\u0103 realizeze articolelor \u00eencredin\u0163ate o cur\u0103\u0163are atent\u0103 a articolelor primite, \u00een conformitate cu metodele profesionale \u015fi a \u00eenscrisurilor de pe eticheta de \u00eentre\u0163inere. \u00cen cazul [&hellip;]","og_url":"https:\/\/mycleanshoes.md\/ru\/termeni\/","og_site_name":"CleanShoes","article_publisher":"https:\/\/www.facebook.com\/profile.php?id=100063528758619","article_modified_time":"2025-08-12T07:17:10+00:00","twitter_card":"summary_large_image","twitter_misc":{"\u041f\u0440\u0438\u043c\u0435\u0440\u043d\u043e\u0435 \u0432\u0440\u0435\u043c\u044f \u0434\u043b\u044f \u0447\u0442\u0435\u043d\u0438\u044f":"2 \u043c\u0438\u043d\u0443\u0442\u044b"},"schema":{"@context":"https:\/\/schema.org","@graph":[{"@type":"WebPage","@id":"https:\/\/mycleanshoes.md\/termeni\/","url":"https:\/\/mycleanshoes.md\/termeni\/","name":"Termeni \u0219i Condi\u021bii - CleanShoes","isPartOf":{"@id":"https:\/\/mycleanshoes.md\/#website"},"datePublished":"2023-06-03T18:32:46+00:00","dateModified":"2025-08-12T07:17:10+00:00","breadcrumb":{"@id":"https:\/\/mycleanshoes.md\/termeni\/#breadcrumb"},"inLanguage":"ru-RU","potentialAction":[{"@type":"ReadAction","target":["https:\/\/mycleanshoes.md\/termeni\/"]}]},{"@type":"BreadcrumbList","@id":"https:\/\/mycleanshoes.md\/termeni\/#breadcrumb","itemListElement":[{"@type":"ListItem","position":1,"name":"Home","item":"https:\/\/mycleanshoes.md\/"},{"@type":"ListItem","position":2,"name":"Termeni \u0219i Condi\u021bii"}]},{"@type":"WebSite","@id":"https:\/\/mycleanshoes.md\/#website","url":"https:\/\/mycleanshoes.md\/","name":"CleanShoes","description":"Cur\u0103\u021b\u0103toria inteligent\u0103","publisher":{"@id":"https:\/\/mycleanshoes.md\/#organization"},"alternateName":"Curatarea incaltamintei","potentialAction":[{"@type":"SearchAction","target":{"@type":"EntryPoint","urlTemplate":"https:\/\/mycleanshoes.md\/?s={search_term_string}"},"query-input":{"@type":"PropertyValueSpecification","valueRequired":true,"valueName":"search_term_string"}}],"inLanguage":"ru-RU"},{"@type":"Organization","@id":"https:\/\/mycleanshoes.md\/#organization","name":"CleanShoes","url":"https:\/\/mycleanshoes.md\/","logo":{"@type":"ImageObject","inLanguage":"ru-RU","@id":"https:\/\/mycleanshoes.md\/#\/schema\/logo\/image\/","url":"https:\/\/mycleanshoes.md\/wp-content\/uploads\/2023\/06\/CleanShoes_logo_short_default.svg","contentUrl":"https:\/\/mycleanshoes.md\/wp-content\/uploads\/2023\/06\/CleanShoes_logo_short_default.svg","width":385,"height":172,"caption":"CleanShoes"},"image":{"@id":"https:\/\/mycleanshoes.md\/#\/schema\/logo\/image\/"},"sameAs":["https:\/\/www.facebook.com\/profile.php?id=100063528758619","https:\/\/www.instagram.com\/clean_shoes.md\/"]}]}},"_links":{"self":[{"href":"https:\/\/mycleanshoes.md\/ru\/wp-json\/wp\/v2\/pages\/3","targetHints":{"allow":["GET"]}}],"collection":[{"href":"https:\/\/mycleanshoes.md\/ru\/wp-json\/wp\/v2\/pages"}],"about":[{"href":"https:\/\/mycleanshoes.md\/ru\/wp-json\/wp\/v2\/types\/page"}],"author":[{"embeddable":true,"href":"https:\/\/mycleanshoes.md\/ru\/wp-json\/wp\/v2\/users\/1"}],"replies":[{"embeddable":true,"href":"https:\/\/mycleanshoes.md\/ru\/wp-json\/wp\/v2\/comments?post=3"}],"version-history":[{"count":1,"href":"https:\/\/mycleanshoes.md\/ru\/wp-json\/wp\/v2\/pages\/3\/revisions"}],"predecessor-version":[{"id":2301,"href":"https:\/\/mycleanshoes.md\/ru\/wp-json\/wp\/v2\/pages\/3\/revisions\/2301"}],"wp:attachment":[{"href":"https:\/\/mycleanshoes.md\/ru\/wp-json\/wp\/v2\/media?parent=3"}],"curies":[{"name":"wp","href":"https:\/\/api.w.org\/{rel}","templated":true}]}}